{"id":786,"date":"2020-03-29T06:25:27","date_gmt":"2020-03-29T04:25:27","guid":{"rendered":"https:\/\/themes.jibdara.com\/albion\/?page_id=786"},"modified":"2023-11-13T18:55:17","modified_gmt":"2023-11-13T17:55:17","slug":"ai-bright","status":"publish","type":"page","link":"https:\/\/ai-bright.com\/en\/","title":{"rendered":"AI BRIGHT"},"content":{"rendered":"<p><!-- Start Main Banner Area --><\/p>\n<h1>Reach your mind &amp; body balance<\/h1>\n<p>                                                        <a href=\"https:\/\/www.ai-moov.com\">Order Now<\/a><br \/>\n                                                        <a href=\"https:\/\/www.ai-moov.com\"><\/a><\/p>\n<h1>AIMOOV is an outstanding experience of work out at-home<\/h1>\n<p>                                                        <a href=\"https:\/\/www.ai-moov.com\">Order Now<\/a><br \/>\n                                                        <a href=\"\"><\/a><\/p>\n<h1>Get your Smart Insights on your smartphone &amp; smartwatch<\/h1>\n<p>                                                        <a href=\"https:\/\/www.ai-moov.com\">Order Now<\/a><br \/>\n                                                        <a href=\"\"><\/a><\/p>\n<h1>AIMOOV smart camera corrects your posture and movements during workout<\/h1>\n<p>                                                        <a href=\"https:\/\/www.ai-moov.com\">Order Now<\/a><br \/>\n                                                        <a href=\"https:\/\/ai-bright.com\/\"><\/a><\/p>\n<h1>Your personal trainer on-demand<\/h1>\n<h1>on your TV<\/h1>\n<p>                                                        <a href=\"https:\/\/www.ai-moov.com\">Order Now<\/a><br \/>\n                                                        <a href=\"\"><\/a><br \/>\n                                                      <!-- End Main Banner Area --><br \/>\n        <!-- Start Main Banner Area --><\/p>\n<h1>AIMOOV is an outstanding experience of work out at-home<\/h1>\n<p>                                                        <a href=\"https:\/\/www.indiegogo.com\/projects\/aimoov#\/\">Pre-order Now<\/a><br \/>\n                                                        <a href=\"\"><\/a><\/p>\n<h1>Reach your mind and body balance<\/h1>\n<p>                                                        <a href=\"https:\/\/www.indiegogo.com\/projects\/aimoov#\/\">Pre-order Now<\/a><br \/>\n                                                        <a href=\"\"><\/a><\/p>\n<h1>AIMOOV smart camera corrects your posture and movements during workout<\/h1>\n<p>                                                        <a href=\"https:\/\/www.indiegogo.com\/projects\/aimoov#\/\">Pre-order Now<\/a><br \/>\n                                                        <a href=\"\"><\/a><\/p>\n<h1>Get your Smart Insights on your smartphone &amp; smartwatch<\/h1>\n<p>                                                        <a href=\"https:\/\/www.indiegogo.com\/projects\/aimoov#\/\">Pre-order Now<\/a><br \/>\n                                                        <a href=\"\"><\/a><\/p>\n<h1>Your personal trainer<\/h1>\n<h1>on-demand on your TV<\/h1>\n<p>                                                        <a href=\"https:\/\/www.indiegogo.com\/projects\/aimoov#\/\">Pre-order Now<\/a><br \/>\n                                                        <a href=\"\"><\/a><br \/>\n                                                      <!-- End Main Banner Area --><\/p>\n<p><img src=\"http:\/\/ai-bright.com\/wp-content\/uploads\/2022\/12\/Sans-titre-2-copie-1-300x169.png\" alt=\"Logo AIMOOV by AI BRIGHT\" width=\"156\" height=\"88\" \/><\/p>\n<p style=\"font-weight: 400;\">With the constraints of modern urban life, practicing sports can be reduced to exercising at home by following a video or an App without mastering the movements. AIMOOV is here to bring you the comfort of a home trainer, with one difference, your coach happens to be Artificial Intelligence (AI)! About the size of a soda can, AIMOOV is designed to be &#8220;the world&#8217;s smallest&#8221; gym instructor, the smart camera helps you work out at home by tracking your progress and correcting you when you&#8217;re training poorly. It works in real time, syncs with your health tracking apps, and simply needs to be plugged into a display such as your TV (HDMI).<\/p>\n<p style=\"font-weight: 400;\">The camera&#8217;s AI can recognize different users, allowing you to create unique profiles and track your progress at your own pace. With its interactive gesture controls, it allows you to select or skip exercises, switch from one type of exercise to another, or even pause when you want and need to breathe.<\/p>\n<p>\t\t\t<a href=\"https:\/\/www.ai-moov.com\" role=\"button\"><br \/>\n\t\t\t\t\t\tOrder Now<br \/>\n\t\t\t\t\t<\/a><\/p>\n<figure><img src=\"http:\/\/ai-bright.com\/wp-content\/uploads\/2022\/12\/Sans-titre-2-1024x576.png\" alt=\"User experience AIMOOV\" \/><\/figure>\n<figure><img src=\"http:\/\/ai-bright.com\/wp-content\/uploads\/2022\/12\/watch-phone-EN-1024x576.png\" alt=\"AIMOOV application\" \/><\/figure>\n<figure><img src=\"http:\/\/ai-bright.com\/wp-content\/uploads\/2022\/12\/Sans-titre-2-copie-1024x576.png\" alt=\"AIMOOV pusture correction\" \/><\/figure>\n<figure><img src=\"http:\/\/ai-bright.com\/wp-content\/uploads\/2022\/12\/3-EN-1024x576.png\" alt=\"AIMOOV allows reach your mind and body balance\" \/><\/figure>\n<figure><img src=\"http:\/\/ai-bright.com\/wp-content\/uploads\/2022\/12\/tele-squat-EN-1024x576.png\" alt=\"AIMOOV repetition counting\" \/><\/figure>\n<figure><img src=\"http:\/\/ai-bright.com\/wp-content\/uploads\/2022\/12\/AIMOOV-Incrustation-reverse-1024x683.png\" alt=\"Votre coach sportif personnel \u00e0 la demande sur votre t\u00e9l\u00e9 \/ Your personal trainer on-demand on your TV\" \/><\/figure>\n<p>\t\t\t\t\t\t\t\t\t\t\t\tPr\u00e9c\u00e9dent<br \/>\n\t\t\t\t\t\t\t\t\t\t\t\tSuivant<br \/>\n        <!-- Start About Area --><br \/>\n                                <img width=\"640\" height=\"411\" src=\"http:\/\/ai-bright.com\/wp-content\/uploads\/2021\/02\/mot-de-fondateur-700x450.jpg\" alt=\"\" loading=\"lazy\" \/>                                                            <\/p>\n<h2>A word from the founder<\/h2>\n<p>At AI BRIGHT, we are convinced that everyone\u2019s Health and Well-being actively contribute to their personal development. Nowadays, Artificial Intelligence has become more and more efficient. It reduces computational time and, therefore, allows us to imagine new functions. In order for sports to<br \/>be more flexible and intuitive, we design solutions based on different Machine Learning techniques.<br \/>In this context, we are committed to providing our customers with unique User Experiences, principles on which we base our action. We will therefore be able to meet our customers\u2019 needs and<br \/>requirements thanks to our solution\u2019s high customization level.<br \/>Ouael Mouelhi, Founder &amp; CEO<\/p>\n<p>                    <!-- style two --><\/p>\n<h2>AI BRIGHT<\/h2>\n<p>AI BRIGHT is a technology startup that innovates in the field of sport. Within AIB we are developing<br \/>\nnew methods of Artificial Intelligence geared towards the health and well-being of all.<\/p>\n<h2>Our Idea<\/h2>\n<p>Exercising has never been easier. \tArtificial Intelligence technology analyses individual participants\u2019<br \/>\nperformance in real time and then adapts and modifies programs to suit their specific needs. \tWhen<br \/>\ncombined with Augmented Reality, it offers a unique, interactive and ergonomic User Experience. It is<br \/>\nin this context that AI BRIGHT designs and develops innovative sports solutions which are then made<br \/>\navailable to our users.<\/p>\n<p>                    <img src=\"https:\/\/ai-bright.com\/wp-content\/themes\/albion\/assets\/img\/shape\/1.png\" alt=\"About Shape\"\/><br \/>\n                    <img src=\"https:\/\/ai-bright.com\/wp-content\/themes\/albion\/assets\/img\/shape\/2.svg\" alt=\"About Shape\"\/><br \/>\n                    <img src=\"https:\/\/ai-bright.com\/wp-content\/themes\/albion\/assets\/img\/shape\/3.png\" alt=\"About Shape\"\/><br \/>\n                    <img src=\"https:\/\/ai-bright.com\/wp-content\/themes\/albion\/assets\/img\/shape\/4.svg\" alt=\"About Shape\"\/><br \/>\n                    <img src=\"https:\/\/ai-bright.com\/wp-content\/themes\/albion\/assets\/img\/shape\/5.svg\" alt=\"About Shape\"\/><br \/>\n                    <img src=\"https:\/\/ai-bright.com\/wp-content\/themes\/albion\/assets\/img\/shape\/6.png\" alt=\"About Shape\"\/><br \/>\n                    <img src=\"https:\/\/ai-bright.com\/wp-content\/themes\/albion\/assets\/img\/shape\/dot1.png\" alt=\"About Shape\"\/><br \/>\n                    <img src=\"https:\/\/ai-bright.com\/wp-content\/themes\/albion\/assets\/img\/shape\/dot3.png\" alt=\"About Shape\"\/><br \/>\n                     <!-- End About Area --><br \/>\n        <!-- Start Team Area --><\/p>\n<h2>They advise us<\/h2>\n<p>To carry out our mission, we have surrounded ourselves with a team of experts, well-known for their<br \/>\nexperience in key strategic and operational areas.<\/p>\n<p>                                    <img width=\"400\" height=\"400\" src=\"http:\/\/ai-bright.com\/wp-content\/uploads\/2021\/02\/Photo2-e1610g708101141.jpg\" alt=\"\" loading=\"lazy\" srcset=\"https:\/\/ai-bright.com\/wp-content\/uploads\/2021\/02\/Photo2-e1610g708101141.jpg 400w, https:\/\/ai-bright.com\/wp-content\/uploads\/2021\/02\/Photo2-e1610g708101141-300x300.jpg 300w, https:\/\/ai-bright.com\/wp-content\/uploads\/2021\/02\/Photo2-e1610g708101141-150x150.jpg 150w, https:\/\/ai-bright.com\/wp-content\/uploads\/2021\/02\/Photo2-e1610g708101141-350x350.jpg 350w, https:\/\/ai-bright.com\/wp-content\/uploads\/2021\/02\/Photo2-e1610g708101141-100x100.jpg 100w\" sizes=\"(max-width: 400px) 100vw, 400px\" \/><br \/>\n                                                                                                <a href=\"\" target=\"_blank\" rel=\"noopener\"><\/a>                                                    <a href=\"\" target=\"_blank\" rel=\"noopener\"><\/a>                                                    <a href=\"\" target=\"_blank\" rel=\"noopener\"><\/a>                                                                         <\/p>\n<h3>Hocine Belkhoudja<\/h3>\n<h4>Product Development and Industrialization<\/h4>\n<p>ENSEA                                         PARROT, CEO @YiNFY<br \/>\n                                    <img width=\"300\" height=\"300\" src=\"http:\/\/ai-bright.com\/wp-content\/uploads\/2021\/02\/Yamina.jpg\" alt=\"\" loading=\"lazy\" srcset=\"https:\/\/ai-bright.com\/wp-content\/uploads\/2021\/02\/Yamina.jpg 300w, https:\/\/ai-bright.com\/wp-content\/uploads\/2021\/02\/Yamina-150x150.jpg 150w, https:\/\/ai-bright.com\/wp-content\/uploads\/2021\/02\/Yamina-100x100.jpg 100w\" sizes=\"(max-width: 300px) 100vw, 300px\" \/><br \/>\n                                                                                                <a href=\"\" target=\"_blank\" rel=\"noopener\"><\/a>                                                    <a href=\"\" target=\"_blank\" rel=\"noopener\"><\/a>                                                    <a href=\"\" target=\"_blank\" rel=\"noopener\"><\/a>                                                                         <\/p>\n<h3>Yamina KHALFET<\/h3>\n<h4>Consumer Marketing &amp; Brand Strategy<\/h4>\n<p>Universit\u00e9 Paris XII                                         HENKEL, COCA COLA, Consultant @People<br \/>\n                                    <img width=\"300\" height=\"300\" src=\"http:\/\/ai-bright.com\/wp-content\/uploads\/2021\/02\/Khaled.jpg\" alt=\"\" loading=\"lazy\" srcset=\"https:\/\/ai-bright.com\/wp-content\/uploads\/2021\/02\/Khaled.jpg 300w, https:\/\/ai-bright.com\/wp-content\/uploads\/2021\/02\/Khaled-150x150.jpg 150w, https:\/\/ai-bright.com\/wp-content\/uploads\/2021\/02\/Khaled-100x100.jpg 100w\" sizes=\"(max-width: 300px) 100vw, 300px\" \/><br \/>\n                                                                                                <a href=\"\" target=\"_blank\" rel=\"noopener\"><\/a>                                                    <a href=\"\" target=\"_blank\" rel=\"noopener\"><\/a>                                                    <a href=\"\" target=\"_blank\" rel=\"noopener\"><\/a>                                                                         <\/p>\n<h3>Khaled BENJENNET<\/h3>\n<h4>Finance<\/h4>\n<p>HEC Paris                                        PWC, CEO @AfricInvest Paris<br \/>\n                                    <img width=\"300\" height=\"300\" src=\"http:\/\/ai-bright.com\/wp-content\/uploads\/2021\/02\/Selim.jpg\" alt=\"\" loading=\"lazy\" srcset=\"https:\/\/ai-bright.com\/wp-content\/uploads\/2021\/02\/Selim.jpg 300w, https:\/\/ai-bright.com\/wp-content\/uploads\/2021\/02\/Selim-150x150.jpg 150w, https:\/\/ai-bright.com\/wp-content\/uploads\/2021\/02\/Selim-100x100.jpg 100w\" sizes=\"(max-width: 300px) 100vw, 300px\" \/><br \/>\n                                                                                                <a href=\"\" target=\"_blank\" rel=\"noopener\"><\/a>                                                    <a href=\"\" target=\"_blank\" rel=\"noopener\"><\/a>                                                    <a href=\"\" target=\"_blank\" rel=\"noopener\"><\/a>                                                                         <\/p>\n<h3>Selim GUEDOUAR<\/h3>\n<h4>Strategy<\/h4>\n<p>HEC Paris, Sciences Po, LSE                                        PWC, BNP, Senior Expert @OCED, World Bank<br \/>\n                                    <img width=\"300\" height=\"300\" src=\"http:\/\/ai-bright.com\/wp-content\/uploads\/2021\/02\/Mohamed.jpg\" alt=\"\" loading=\"lazy\" srcset=\"https:\/\/ai-bright.com\/wp-content\/uploads\/2021\/02\/Mohamed.jpg 300w, https:\/\/ai-bright.com\/wp-content\/uploads\/2021\/02\/Mohamed-150x150.jpg 150w, https:\/\/ai-bright.com\/wp-content\/uploads\/2021\/02\/Mohamed-100x100.jpg 100w\" sizes=\"(max-width: 300px) 100vw, 300px\" \/><br \/>\n                                                                                                <a href=\"\" target=\"_blank\" rel=\"noopener\"><\/a>                                                    <a href=\"\" target=\"_blank\" rel=\"noopener\"><\/a>                                                    <a href=\"\" target=\"_blank\" rel=\"noopener\"><\/a>                                                                         <\/p>\n<h3>Mohamed MOUELHI<\/h3>\n<h4>Supply Chain<\/h4>\n<p>Universitat Duisburg                                        Manager @SDZ EUROPE<br \/>\n                                    <img width=\"300\" height=\"300\" src=\"http:\/\/ai-bright.com\/wp-content\/uploads\/2021\/02\/Eleanor.jpg\" alt=\"\" loading=\"lazy\" srcset=\"https:\/\/ai-bright.com\/wp-content\/uploads\/2021\/02\/Eleanor.jpg 300w, https:\/\/ai-bright.com\/wp-content\/uploads\/2021\/02\/Eleanor-150x150.jpg 150w, https:\/\/ai-bright.com\/wp-content\/uploads\/2021\/02\/Eleanor-100x100.jpg 100w\" sizes=\"(max-width: 300px) 100vw, 300px\" \/><br \/>\n                                                                                                <a href=\"\" target=\"_blank\" rel=\"noopener\"><\/a>                                                    <a href=\"\" target=\"_blank\" rel=\"noopener\"><\/a>                                                    <a href=\"\" target=\"_blank\" rel=\"noopener\"><\/a>                                                                         <\/p>\n<h3 data-canvas-width=\"53.28959467104\">Eleanor TWILTON<\/h3>\n<h4>Communication &amp; Video Games<\/h4>\n<p>University of Leicester                                        Corporate PR Director @UBISOFT<br \/>\n                                    <img width=\"300\" height=\"300\" src=\"http:\/\/ai-bright.com\/wp-content\/uploads\/2021\/02\/omar1.jpg\" alt=\"\" loading=\"lazy\" srcset=\"https:\/\/ai-bright.com\/wp-content\/uploads\/2021\/02\/omar1.jpg 300w, https:\/\/ai-bright.com\/wp-content\/uploads\/2021\/02\/omar1-150x150.jpg 150w, https:\/\/ai-bright.com\/wp-content\/uploads\/2021\/02\/omar1-100x100.jpg 100w\" sizes=\"(max-width: 300px) 100vw, 300px\" \/><br \/>\n                                                                                                <a href=\"\" target=\"_blank\" rel=\"noopener\"><\/a>                                                    <a href=\"\" target=\"_blank\" rel=\"noopener\"><\/a>                                                    <a href=\"\" target=\"_blank\" rel=\"noopener\"><\/a>                                                                         <\/p>\n<h3 data-canvas-width=\"40.279995971999995\">Omar Zouari<\/h3>\n<h4>Sales &amp; Business Intelligence<\/h4>\n<p>KIT, Arts &amp; M\u00e9tiers                                        Actaris, Consolis, Itron<br \/>\n                                    <img width=\"300\" height=\"300\" src=\"http:\/\/ai-bright.com\/wp-content\/uploads\/2021\/02\/Photo2-e1610708101141.jpg\" alt=\"\" loading=\"lazy\" srcset=\"https:\/\/ai-bright.com\/wp-content\/uploads\/2021\/02\/Photo2-e1610708101141.jpg 300w, https:\/\/ai-bright.com\/wp-content\/uploads\/2021\/02\/Photo2-e1610708101141-150x150.jpg 150w, https:\/\/ai-bright.com\/wp-content\/uploads\/2021\/02\/Photo2-e1610708101141-100x100.jpg 100w\" sizes=\"(max-width: 300px) 100vw, 300px\" \/><br \/>\n                                                                                                <a href=\"\" target=\"_blank\" rel=\"noopener\"><\/a>                                                    <a href=\"\" target=\"_blank\" rel=\"noopener\"><\/a>                                                    <a href=\"\" target=\"_blank\" rel=\"noopener\"><\/a>                                                                         <\/p>\n<h3>Ouael Mouelhi<\/h3>\n<h4>Management and Artificial Intelligence<\/h4>\n<p>INSA Lyon, IMT Mines Al\u00e8s, Centrale Lille, Google                                         Xilabs, Parrot, Arkamys, CEO @AI BRIGHT<br \/>\n        <!-- End Team Area --><br \/>\n\t\t\t        <!-- Start Partner Area --><\/p>\n<h2>Our partners<\/h2>\n<p>They trust us and we are proud of it.<\/p>\n<p>                                    <a href=\"https:\/\/www.bconseil.fr\"><br \/>\n                                    <img width=\"300\" height=\"130\" src=\"http:\/\/ai-bright.com\/wp-content\/uploads\/2021\/01\/cropped-BConseil_Logo-1-e1590795407500.png\" alt=\"\" loading=\"lazy\" \/>                                    <\/a><br \/>\n                                    <a href=\" https:\/\/www.experts-entreprendre.com \"><br \/>\n                                    <img width=\"300\" height=\"130\" src=\"http:\/\/ai-bright.com\/wp-content\/uploads\/2021\/01\/Arriere-plan.png\" alt=\"\" loading=\"lazy\" \/>                                    <\/a><br \/>\n                                    <a href=\"\"><br \/>\n                                    <img width=\"300\" height=\"130\" src=\"http:\/\/ai-bright.com\/wp-content\/uploads\/2021\/02\/1525691250.jpg\" alt=\"\" loading=\"lazy\" \/>                                    <\/a><br \/>\n                                    <a href=\"https:\/\/parcus.fr\"><br \/>\n                                    <img width=\"300\" height=\"130\" src=\"http:\/\/ai-bright.com\/wp-content\/uploads\/2021\/01\/logo-parcus.png\" alt=\"\" loading=\"lazy\" \/>                                    <\/a><br \/>\n                                    <a href=\"\"><br \/>\n                                    <img width=\"300\" height=\"130\" src=\"http:\/\/ai-bright.com\/wp-content\/uploads\/2021\/02\/1587548957117.jpg\" alt=\"\" loading=\"lazy\" \/>                                    <\/a><br \/>\n                                    <a href=\"https:\/\/artsetmetiers.fr\"><br \/>\n                                    <img width=\"300\" height=\"130\" src=\"http:\/\/ai-bright.com\/wp-content\/uploads\/2021\/01\/logo-trans-322x84-1.png\" alt=\"\" loading=\"lazy\" \/>                                    <\/a><br \/>\n                                    <a href=\"https:\/\/esprit.tn\"><br \/>\n                                    <img width=\"300\" height=\"130\" src=\"http:\/\/ai-bright.com\/wp-content\/uploads\/2021\/02\/Logo_ESPRIT_Ariana.jpg\" alt=\"\" loading=\"lazy\" \/>                                    <\/a><br \/>\n                                    <a href=\"https:\/\/www.mines-ales.fr\"><br \/>\n                                    <img width=\"300\" height=\"130\" src=\"http:\/\/ai-bright.com\/wp-content\/uploads\/2021\/01\/logo2.png\" alt=\"\" loading=\"lazy\" \/>                                    <\/a><br \/>\n                                    <a href=\"https:\/\/www.bordeaux-inp.fr\/fr\"><br \/>\n                                    <img width=\"300\" height=\"130\" src=\"http:\/\/ai-bright.com\/wp-content\/uploads\/2021\/01\/logo-inp.png\" alt=\"\" loading=\"lazy\" \/>                                    <\/a><br \/>\n                                    <a href=\"https:\/\/www.insa-lyon.fr\"><br \/>\n                                    <img width=\"300\" height=\"130\" src=\"http:\/\/ai-bright.com\/wp-content\/uploads\/2021\/01\/logo.png\" alt=\"\" loading=\"lazy\" \/>                                    <\/a><br \/>\n                                    <a href=\"https:\/\/www.kit.edu\/english\/\"><br \/>\n                                    <img width=\"300\" height=\"130\" src=\"http:\/\/ai-bright.com\/wp-content\/uploads\/2021\/01\/Sans-titre-1.png\" alt=\"\" loading=\"lazy\" \/>                                    <\/a><\/p>\n","protected":false},"excerpt":{"rendered":"<p>Reach your mind &amp; body balance Order Now AIMOOV is an outstanding experience of work out at-home Order Now Get your Smart Insights on your smartphone &amp; smartwatch Order Now AIMOOV smart camera corrects your posture and movements during workout Order Now Your personal trainer on-demand on your TV Order Now AIMOOV is an outstanding<\/p>\n","protected":false},"author":2,"featured_media":0,"parent":0,"menu_order":0,"comment_status":"closed","ping_status":"closed","template":"","meta":[],"translation":{"provider":"WPGlobus","version":"3.0.0","language":"en","enabled_languages":["fr","en"],"languages":{"fr":{"title":true,"content":true,"excerpt":false},"en":{"title":true,"content":true,"excerpt":false}}},"_links":{"self":[{"href":"https:\/\/ai-bright.com\/en\/wp-json\/wp\/v2\/pages\/786"}],"collection":[{"href":"https:\/\/ai-bright.com\/en\/wp-json\/wp\/v2\/pages"}],"about":[{"href":"https:\/\/ai-bright.com\/en\/wp-json\/wp\/v2\/types\/page"}],"author":[{"embeddable":true,"href":"https:\/\/ai-bright.com\/en\/wp-json\/wp\/v2\/users\/2"}],"replies":[{"embeddable":true,"href":"https:\/\/ai-bright.com\/en\/wp-json\/wp\/v2\/comments?post=786"}],"version-history":[{"count":218,"href":"https:\/\/ai-bright.com\/en\/wp-json\/wp\/v2\/pages\/786\/revisions"}],"predecessor-version":[{"id":1785,"href":"https:\/\/ai-bright.com\/en\/wp-json\/wp\/v2\/pages\/786\/revisions\/1785"}],"wp:attachment":[{"href":"https:\/\/ai-bright.com\/en\/wp-json\/wp\/v2\/media?parent=786"}],"curies":[{"name":"wp","href":"https:\/\/api.w.org\/{rel}","templated":true}]}}