{"id":290,"date":"2019-10-13T09:33:59","date_gmt":"2019-10-13T09:33:59","guid":{"rendered":"https:\/\/themes.jibdara.com\/albion\/?page_id=290"},"modified":"2020-12-28T16:12:35","modified_gmt":"2020-12-28T15:12:35","slug":"contact","status":"publish","type":"page","link":"https:\/\/ai-bright.com\/en\/contact\/","title":{"rendered":"Contact"},"content":{"rendered":"\t\t<div data-elementor-type=\"wp-page\" data-elementor-id=\"290\" class=\"elementor elementor-290\">\n\t\t\t\t\t\t<div class=\"elementor-inner\">\n\t\t\t\t<div class=\"elementor-section-wrap\">\n\t\t\t\t\t\t\t\t\t<section class=\"elementor-section elementor-top-section elementor-element elementor-element-35a8018 elementor-section-stretched elementor-section-full_width elementor-section-height-default elementor-section-height-default\" data-id=\"35a8018\" data-element_type=\"section\" data-settings=\"{&quot;stretch_section&quot;:&quot;section-stretched&quot;}\">\n\t\t\t\t\t\t<div class=\"elementor-container elementor-column-gap-no\">\n\t\t\t\t\t\t\t<div class=\"elementor-row\">\n\t\t\t\t\t<div class=\"elementor-column elementor-col-100 elementor-top-column elementor-element elementor-element-aaa5904\" data-id=\"aaa5904\" data-element_type=\"column\">\n\t\t\t<div class=\"elementor-column-wrap elementor-element-populated\">\n\t\t\t\t\t\t\t<div class=\"elementor-widget-wrap\">\n\t\t\t\t\t\t<div class=\"elementor-element elementor-element-6c1af9e elementor-widget elementor-widget-contact-widget\" data-id=\"6c1af9e\" data-element_type=\"widget\" data-widget_type=\"contact-widget.default\">\n\t\t\t\t<div class=\"elementor-widget-container\">\n\t\t\t\r\n        <div class=\"contact-area ptb-110\">\r\n            <div class=\"container\">\r\n                <div class=\"section-title\">\r\n                    <span><\/span>\r\n\r\n                    <h2>Contactez-nous\u00a0<\/h2>                    <p>Lorem ipsum dolor sit amet, consectetur adipiscing elit, sed do eiusmod tempor incididunt ut labore et dolore magna aliqua.<\/p>                <\/div>\r\n\r\n                <div class=\"contact-form\">\r\n                    <div class=\"row align-items-center\">\r\n                        <div class=\"col-lg-5 col-md-12\">\r\n                            <div class=\"contact-image\">\r\n                                <img src=\"https:\/\/themes.jibdara.com\/albion\/wp-content\/uploads\/2019\/10\/contact.png\" title=\"\" alt=\"\" \/>                            <\/div>\r\n                        <\/div>\r\n\r\n                        <div class=\"col-lg-7 col-md-12\">\r\n                        [contact-form-7 id=\"287\" title=\"Contact Form\"]                        <\/div>\r\n                    <\/div>\r\n                <\/div>\r\n\r\n                <div class=\"contact-info\">\r\n                    <div class=\"contact-info-content\">\r\n                        <h3>Contactez-nous par num\u00e9ro de t\u00e9l\u00e9phone ou adresse e-mail<\/h3>                        <h2 class=\"contact-information\">\r\n                            <a href=\"tel:+33(0)953147938\">+33 (0)9 53 14 79 38<\/a>\r\n\r\n                            <span>OU<\/span>\r\n\r\n                            <a href=\"mailto:http:\/\/contact@ai%20\u2013%20bright.com\">contact@ai \u2013 bright.com<\/a>\r\n                        <\/h2>\r\n\r\n                        <ul class=\"social\">\r\n                                                                <li><a href=\"#\" target=\"_blank\"><i class=\"fab fa-twitter\"><\/i><\/a><\/li>\r\n                                                                    <li><a href=\"#\" target=\"_blank\"><i class=\"fab fa-youtube\"><\/i><\/a><\/li>\r\n                                                                    <li><a href=\"#\" target=\"_blank\"><i class=\"fab fa-facebook-f\"><\/i><\/a><\/li>\r\n                                                                    <li><a href=\"#\" target=\"_blank\"><i class=\"fab fa-linkedin-in\"><\/i><\/a><\/li>\r\n                                                                    <li><a href=\"#\" target=\"_blank\"><i class=\"fab fa-instagram\"><\/i><\/a><\/li>\r\n                                                        <\/ul>\r\n                    <\/div>\r\n                <\/div>\r\n            <\/div>\r\n        <\/div>\r\n    \t\t<\/div>\n\t\t\t\t<\/div>\n\t\t\t\t\t\t<\/div>\n\t\t\t\t\t<\/div>\n\t\t<\/div>\n\t\t\t\t\t\t\t\t<\/div>\n\t\t\t\t\t<\/div>\n\t\t<\/section>\n\t\t\t\t\t\t\t\t\t<\/div>\n\t\t\t<\/div>\n\t\t\t\t\t<\/div>\n\t\t","protected":false},"excerpt":{"rendered":"<p>Contactez-nous\u00a0 Lorem ipsum dolor sit amet, consectetur adipiscing elit, sed do eiusmod tempor incididunt ut labore et dolore magna aliqua. &#8212;TunisieFrance By checking this, you agree to our Terms and Privacy policy Envoyez Contactez-nous par num\u00e9ro de t\u00e9l\u00e9phone ou adresse e-mail +33 (0)9 53 14 79 38 OU contact@ai \u2013 bright.com<\/p>\n","protected":false},"author":2,"featured_media":725,"parent":0,"menu_order":0,"comment_status":"closed","ping_status":"closed","template":"","meta":[],"translation":{"provider":"WPGlobus","version":"3.0.0","language":"en","enabled_languages":["fr","en"],"languages":{"fr":{"title":true,"content":true,"excerpt":false},"en":{"title":false,"content":false,"excerpt":false}}},"_links":{"self":[{"href":"https:\/\/ai-bright.com\/en\/wp-json\/wp\/v2\/pages\/290"}],"collection":[{"href":"https:\/\/ai-bright.com\/en\/wp-json\/wp\/v2\/pages"}],"about":[{"href":"https:\/\/ai-bright.com\/en\/wp-json\/wp\/v2\/types\/page"}],"author":[{"embeddable":true,"href":"https:\/\/ai-bright.com\/en\/wp-json\/wp\/v2\/users\/2"}],"replies":[{"embeddable":true,"href":"https:\/\/ai-bright.com\/en\/wp-json\/wp\/v2\/comments?post=290"}],"version-history":[{"count":0,"href":"https:\/\/ai-bright.com\/en\/wp-json\/wp\/v2\/pages\/290\/revisions"}],"wp:featuredmedia":[{"embeddable":true,"href":"https:\/\/ai-bright.com\/en\/wp-json\/wp\/v2\/media\/725"}],"wp:attachment":[{"href":"https:\/\/ai-bright.com\/en\/wp-json\/wp\/v2\/media?parent=290"}],"curies":[{"name":"wp","href":"https:\/\/api.w.org\/{rel}","templated":true}]}}